{"id":641,"date":"2023-05-19T13:38:53","date_gmt":"2023-05-19T13:38:53","guid":{"rendered":"https:\/\/produsam.org\/?page_id=641"},"modified":"2026-01-19T18:32:51","modified_gmt":"2026-01-19T18:32:51","slug":"faq","status":"publish","type":"page","link":"https:\/\/produsam.org\/pt\/faq\/","title":{"rendered":"FAQ"},"content":{"rendered":"<p>[et_pb_section fb_built=\u00bb1&#8243; next_background_color=\u00bb#ffffff\u00bb _builder_version=\u00bb4.27.4&#8243; _module_preset=\u00bbdefault\u00bb background_color=\u00bb#000000&#8243; use_background_color_gradient=\u00bbon\u00bb background_color_gradient_stops=\u00bbrgba(0,0,0,0.57) 0%|rgba(0,0,0,0.6) 100%\u00bb background_color_gradient_overlays_image=\u00bbon\u00bb background_image=\u00bbhttps:\/\/produsam.org\/wp-content\/uploads\/2023\/06\/faq.jpg\u00bb height=\u00bb300px\u00bb custom_padding=\u00bb88px|||||\u00bb bottom_divider_style=\u00bbslant\u00bb bottom_divider_height=\u00bb28px\u00bb global_colors_info=\u00bb{}\u00bb][et_pb_row _builder_version=\u00bb4.20.4&#8243; _module_preset=\u00bbdefault\u00bb global_colors_info=\u00bb{}\u00bb][et_pb_column type=\u00bb4_4&#8243; _builder_version=\u00bb4.20.4&#8243; _module_preset=\u00bbdefault\u00bb global_colors_info=\u00bb{}\u00bb][et_pb_text _builder_version=\u00bb4.20.4&#8243; _dynamic_attributes=\u00bbcontent\u00bb _module_preset=\u00bbdefault\u00bb text_font=\u00bb|800||on|||||\u00bb text_text_color=\u00bb#FFFFFF\u00bb text_font_size=\u00bb45px\u00bb text_orientation=\u00bbcenter\u00bb global_colors_info=\u00bb{}\u00bb]@ET-DC@eyJkeW5hbWljIjp0cnVlLCJjb250ZW50IjoicG9zdF90aXRsZSIsInNldHRpbmdzIjp7ImJlZm9yZSI6IiIsImFmdGVyIjoiIn19@[\/et_pb_text][et_pb_text _builder_version=\u00bb4.20.4&#8243; _module_preset=\u00bbdefault\u00bb text_font=\u00bb|||on|||||\u00bb text_text_color=\u00bb#FFFFFF\u00bb text_font_size=\u00bb15px\u00bb text_orientation=\u00bbcenter\u00bb global_colors_info=\u00bb{}\u00bb]<\/p>\n<p>HOME \/ FAQ<\/p>\n<p>[\/et_pb_text][\/et_pb_column][\/et_pb_row][\/et_pb_section][et_pb_section fb_built=\u00bb1&#8243; _builder_version=\u00bb4.20.4&#8243; _module_preset=\u00bbdefault\u00bb global_colors_info=\u00bb{}\u00bb][et_pb_row _builder_version=\u00bb4.20.4&#8243; _module_preset=\u00bbdefault\u00bb global_colors_info=\u00bb{}\u00bb][et_pb_column type=\u00bb4_4&#8243; _builder_version=\u00bb4.20.4&#8243; _module_preset=\u00bbdefault\u00bb global_colors_info=\u00bb{}\u00bb][et_pb_toggle title=\u00bb\u00bfCu\u00e1nto cuesta el env\u00edo de mis libros?\u00bb open_toggle_background_color=\u00bb#FFFFFF\u00bb closed_toggle_background_color=\u00bb#FFFFFF\u00bb icon_color=\u00bb#E02B20&#8243; _builder_version=\u00bb4.20.4&#8243; _module_preset=\u00bbdefault\u00bb title_font_size=\u00bb20px\u00bb body_font_size=\u00bb17px\u00bb border_radii=\u00bbon|10px|10px|10px|10px\u00bb box_shadow_style=\u00bbpreset3&#8243; box_shadow_color=\u00bbrgba(0,0,0,0.08)\u00bb global_colors_info=\u00bb{}\u00bb]<\/p>\n<p>Debido a que el costo de env\u00edo var\u00eda por peso del paquete, direcci\u00f3n exacta de entrega, entre otros factores, el representante de Produsam en tu pa\u00eds se pondr\u00e1 en contacto contigo para definir el mejor m\u00e9todo de env\u00edo y luego te har\u00e1 conocer el costo del mismo.<\/p>\n<p>[\/et_pb_toggle][et_pb_toggle title=\u00bb\u00bfPuedo usar otra empresa para producir mi contenido?\u00bb open_toggle_background_color=\u00bb#FFFFFF\u00bb closed_toggle_background_color=\u00bb#FFFFFF\u00bb icon_color=\u00bb#E02B20&#8243; _builder_version=\u00bb4.20.4&#8243; _module_preset=\u00bbdefault\u00bb title_font_size=\u00bb20px\u00bb body_font_size=\u00bb17px\u00bb border_radii=\u00bbon|10px|10px|10px|10px\u00bb box_shadow_style=\u00bbpreset3&#8243; box_shadow_color=\u00bbrgba(0,0,0,0.08)\u00bb global_colors_info=\u00bb{}\u00bb]<\/p>\n<p>S\u00ed. Tu evento puede ser producido por otra empresa o grupo y Produsam puede prestarte los servicios de Broadcasting.<\/p>\n<p>[\/et_pb_toggle][et_pb_toggle title=\u00bb\u00bfQu\u00e9 incluye servicio de Redes Sociales de ProduSAM?\u00bb open_toggle_background_color=\u00bb#FFFFFF\u00bb closed_toggle_background_color=\u00bb#FFFFFF\u00bb icon_color=\u00bb#E02B20&#8243; _builder_version=\u00bb4.20.4&#8243; _module_preset=\u00bbdefault\u00bb title_font_size=\u00bb20px\u00bb body_font_size=\u00bb17px\u00bb border_radii=\u00bbon|10px|10px|10px|10px\u00bb box_shadow_style=\u00bbpreset3&#8243; box_shadow_color=\u00bbrgba(0,0,0,0.08)\u00bb global_colors_info=\u00bb{}\u00bb]<\/p>\n<p>ProduSAM te guiar\u00e1 en el dise\u00f1o y publicaci\u00f3n del contenido en redes sociales seg\u00fan lo que quieras promocionar en tu ministerio. Contacta al respresentate de tu pa\u00eds quien te guiar\u00e1 en el proceso.<\/p>\n<p>[\/et_pb_toggle][et_pb_toggle title=\u00bb\u00bfQu\u00e9 hay acerca de la p\u00e1gina web de mi ministerio?\u00bb open_toggle_background_color=\u00bb#FFFFFF\u00bb closed_toggle_background_color=\u00bb#FFFFFF\u00bb icon_color=\u00bb#E02B20&#8243; _builder_version=\u00bb4.27.4&#8243; _module_preset=\u00bbdefault\u00bb title_font_size=\u00bb20px\u00bb body_font_size=\u00bb17px\u00bb border_radii=\u00bbon|10px|10px|10px|10px\u00bb box_shadow_style=\u00bbpreset3&#8243; box_shadow_color=\u00bbrgba(0,0,0,0.08)\u00bb global_colors_info=\u00bb{}\u00bb]<\/p>\n<p>En ProduSAM somos expertos en generar p\u00e1ginas web paa ministerios o eventos cristianos. Pondremos a tu disposici\u00f3n las mejores pr\u00e1cticas de desarrollo y las aplicaremos en tu p\u00e1gina web.<\/p>\n<p>[\/et_pb_toggle][et_pb_toggle title=\u00bb\u00bfQu\u00e9 pasa si ya tengo creada la p\u00e1gina web de mi ministerio?\u00bb open_toggle_background_color=\u00bb#FFFFFF\u00bb closed_toggle_background_color=\u00bb#FFFFFF\u00bb icon_color=\u00bb#E02B20&#8243; _builder_version=\u00bb4.27.4&#8243; _module_preset=\u00bbdefault\u00bb title_font_size=\u00bb20px\u00bb body_font_size=\u00bb17px\u00bb hover_enabled=\u00bb0&#8243; border_radii=\u00bbon|10px|10px|10px|10px\u00bb box_shadow_style=\u00bbpreset3&#8243; box_shadow_color=\u00bbrgba(0,0,0,0.08)\u00bb global_colors_info=\u00bb{}\u00bb sticky_enabled=\u00bb0&#8243;]<\/p>\n<p>ProduSAM puede tomar tu p\u00e1gina web ya creada y ayudarte en su renovaci\u00f3n o publicaci\u00f3n peri\u00f3dica de contenido.<\/p>\n<p>[\/et_pb_toggle][et_pb_toggle title=\u00bbSi quiero publicar un libro, \u00bfQu\u00e9 pasos debo seguir?\u00bb open_toggle_background_color=\u00bb#FFFFFF\u00bb closed_toggle_background_color=\u00bb#FFFFFF\u00bb icon_color=\u00bb#E02B20&#8243; _builder_version=\u00bb4.27.4&#8243; _module_preset=\u00bbdefault\u00bb title_font_size=\u00bb20px\u00bb body_font_size=\u00bb17px\u00bb hover_enabled=\u00bb0&#8243; border_radii=\u00bbon|10px|10px|10px|10px\u00bb box_shadow_style=\u00bbpreset3&#8243; box_shadow_color=\u00bbrgba(0,0,0,0.08)\u00bb global_colors_info=\u00bb{}\u00bb sticky_enabled=\u00bb0&#8243;]<\/p>\n<p>Cont\u00e1ctanos y nuestro equipo de editores analizar\u00e1 el material para verificar la factibilidad de que sea publicado por ProduSAM.<\/p>\n<p>[\/et_pb_toggle][\/et_pb_column][\/et_pb_row][\/et_pb_section]<\/p>","protected":false},"excerpt":{"rendered":"<p>HOME \/ FAQDebido a que el costo de env\u00edo var\u00eda por peso del paquete, direcci\u00f3n exacta de entrega, entre otros factores, el representante de Produsam en tu pa\u00eds se pondr\u00e1 en contacto contigo para definir el mejor m\u00e9todo de env\u00edo y luego te har\u00e1 conocer el costo del mismo.S\u00ed. Tu evento puede ser producido por [&hellip;]<\/p>","protected":false},"author":3,"featured_media":0,"parent":0,"menu_order":0,"comment_status":"closed","ping_status":"closed","template":"","meta":{"_et_pb_use_builder":"on","_et_pb_old_content":"","_et_gb_content_width":"","footnotes":""},"class_list":["post-641","page","type-page","status-publish","hentry"],"_links":{"self":[{"href":"https:\/\/produsam.org\/pt\/wp-json\/wp\/v2\/pages\/641","targetHints":{"allow":["GET"]}}],"collection":[{"href":"https:\/\/produsam.org\/pt\/wp-json\/wp\/v2\/pages"}],"about":[{"href":"https:\/\/produsam.org\/pt\/wp-json\/wp\/v2\/types\/page"}],"author":[{"embeddable":true,"href":"https:\/\/produsam.org\/pt\/wp-json\/wp\/v2\/users\/3"}],"replies":[{"embeddable":true,"href":"https:\/\/produsam.org\/pt\/wp-json\/wp\/v2\/comments?post=641"}],"version-history":[{"count":8,"href":"https:\/\/produsam.org\/pt\/wp-json\/wp\/v2\/pages\/641\/revisions"}],"predecessor-version":[{"id":1128,"href":"https:\/\/produsam.org\/pt\/wp-json\/wp\/v2\/pages\/641\/revisions\/1128"}],"wp:attachment":[{"href":"https:\/\/produsam.org\/pt\/wp-json\/wp\/v2\/media?parent=641"}],"curies":[{"name":"wp","href":"https:\/\/api.w.org\/{rel}","templated":true}]}}